{"id":17667,"date":"2023-05-01T05:26:01","date_gmt":"2023-05-01T01:56:01","guid":{"rendered":"http:\/\/roomon.ir\/maadico\/?page_id=17667"},"modified":"2024-12-22T20:58:50","modified_gmt":"2024-12-22T17:28:50","slug":"data-privacy","status":"publish","type":"page","link":"https:\/\/maadico.com\/fa\/data-privacy\/","title":{"rendered":"\u062d\u0631\u06cc\u0645 \u062e\u0635\u0648\u0635\u06cc"},"content":{"rendered":"\t\t<div data-elementor-type=\"wp-page\" data-elementor-id=\"17667\" class=\"elementor elementor-17667 elementor-16586\" data-elementor-post-type=\"page\">\n\t\t\t\t<div class=\"elementor-element elementor-element-9595e87 e-con-full e-flex e-con e-parent\" data-id=\"9595e87\" data-element_type=\"container\" data-settings=\"{&quot;background_background&quot;:&quot;classic&quot;}\">\n\t\t<div class=\"elementor-element elementor-element-b75a1ea e-flex e-con-boxed e-con e-child\" data-id=\"b75a1ea\" data-element_type=\"container\">\n\t\t\t\t\t<div class=\"e-con-inner\">\n\t\t\t\t<div class=\"elementor-element elementor-element-3f202e3 elementor-widget elementor-widget-heading\" data-id=\"3f202e3\" data-element_type=\"widget\" data-widget_type=\"heading.default\">\n\t\t\t\t<div class=\"elementor-widget-container\">\n\t\t\t<h1 class=\"elementor-heading-title elementor-size-default\">\u062d\u0631\u06cc\u0645 \u062e\u0635\u0648\u0635\u06cc<\/h1>\t\t<\/div>\n\t\t\t\t<\/div>\n\t\t\t\t\t<\/div>\n\t\t\t\t<\/div>\n\t\t\t\t<\/div>\n\t\t<div class=\"elementor-element elementor-element-7c24db1f e-flex e-con-boxed e-con e-parent\" data-id=\"7c24db1f\" data-element_type=\"container\">\n\t\t\t\t\t<div class=\"e-con-inner\">\n\t\t\t\t<div class=\"elementor-element elementor-element-3b5547b3 elementor-widget elementor-widget-text-editor\" data-id=\"3b5547b3\" data-element_type=\"widget\" data-widget_type=\"text-editor.default\">\n\t\t\t\t<div class=\"elementor-widget-container\">\n\t\t\t\t\t\t\tAccording to data protection rules, especially the EU General Data Protection Regulation (GDPR), the following person is responsible:\r\n\r\nAsternweg 20, seeberg 50769, koln, Germany\r\n<h2><strong>Your data subject rights<\/strong><\/h2>\r\nYou have the following rights, which you may exercise at any time by contacting our data protection officer:\r\n<ul>\r\n \t<li>Information about your data that we hold and their processing (Article 15 GDPR)<\/li>\r\n \t<li>Error correction in personal data (Article 16 GDPR),<\/li>\r\n \t<li>Deletion of your data from our systems (Article 17 GDPR),<\/li>\r\n \t<li>Data processing restriction if we are not yet permitted to erase your data owing to legal requirements (Article 18 GDPR),<\/li>\r\n \t<li>\u00a0Objection to our processing of your personal data (Article 21 of the GDPR) and<\/li>\r\n \t<li>Data portability if you have given your permission to data processing or have entered into a contract with us (Article 20 GDPR).<\/li>\r\n<\/ul>\r\nIf you have given us your permission, you may cancel it at any time with future effect.\r\n\r\nYou may file a complaint with a supervisory authority at any time, for example, B. to the competent supervisory authority of the federal state in which you live or to the authority accountable for us as the responsible body.\r\n\r\nA list of supervisory authorities (for the non-public sector) with addresses is available at:\r\n\r\nhttps:\/\/www.bfdi.bund.de\/DE\/Service\/Anschriften\/Laender\/Laender-node.html.\r\n<h2><strong>G<\/strong><strong>eneral information <\/strong><strong>collection <\/strong><strong>when visiting our website<\/strong><\/h2>\r\n<h3><strong>Processing type and purpose:<\/strong><\/h3>\r\nWhen you visit our website, even if you do not register or submit any information, generic information is automatically recorded. This data (server log files) contains things like the kind of web browser used, the operating system, the domain name of your Internet service provider, your IP address, and so on.\r\n\r\nThey are processed for the following reasons in particular:\r\n<ul>\r\n \t<li>Ensuring a problem-free connection to the website,<\/li>\r\n \t<li>Ensuring the seamless operation of our website,<\/li>\r\n \t<li>Evaluating system security and stability, and<\/li>\r\n \t<li>Improving our website.<\/li>\r\n<\/ul>\r\nWe do not utilize your information to make inferences about you. This sort of information is statistically assessed by us, if required anonymously, in order to enhance our website and the technology that powers it.\r\n\r\n<strong>Legitimate interest and legal basis:<\/strong>\r\n\r\nThe processing is carried out in line with Article 6 paragraph 1 letter f GDPR, and is motivated by our legitimate interest in enhancing the stability and performance of our website.\r\n<h3><strong>Recipient:<\/strong><\/h3>\r\nTechnical service providers that serve as processors for the operation and maintenance of our website may be recipients of the data.\r\n<h3><strong>Third country transfer:<\/strong><\/h3>\r\nThe data collected may be transferred to the third countries listed below: no\r\n<h3><strong>Duration of storage:<\/strong><\/h3>\r\nThe disclosure of the aforementioned personal data is not required by law or contract. However, without the IP address, our website&#8217;s operation and performance cannot be assured. Furthermore, specific services may be unavailable or limited. As a result, an objection is not permitted.\r\n<h3><strong>Bereitstellung erforderlich oder vorgeschrieben:<\/strong><\/h3>\r\nDie Bereitstellung der vorgenannten personenbezogenen Daten ist weder gesetzlich noch vertraglich vorgeschrieben. Ohne die IP-Adresse ist jedoch der Dienst und die Funktionsf\u00e4higkeit unserer Website nicht gew\u00e4hrleistet. Zudem k\u00f6nnen einzelne Dienste und Services nicht verf\u00fcgbar oder eingeschr\u00e4nkt sein. Aus diesem Grund ist ein Widerspruch ausgeschlossen.\r\n<h2><strong>Cookies<\/strong><\/h2>\r\nWe utilize &#8220;cookies&#8221; much like many other websites. When you visit our website, little text files called cookies are saved on your end device (laptop, tablet, smartphone, etc.).\r\n\r\nIndividual cookies or the whole cookie inventory may be deleted. You will also get information and instructions on how to remove these cookies or stop their storage in advance. You may obtain the essential information under the following URLs, depending on your browser&#8217;s provider:\r\n<ul>\r\n \t<li>Mozilla Firefox:\u00a0<a href=\"https:\/\/support.mozilla.org\/de\/kb\/cookies-loeschen-daten-von-websites-entfernen\" target=\"_blank\" rel=\"noopener\">https:\/\/support.mozilla.org\/de\/kb\/cookies-loeschen-daten-von-websites-entfernen<\/a><\/li>\r\n \t<li>Internet Explorer:\u00a0<a href=\"https:\/\/support.microsoft.com\/de-de\/help\/17442\/windows-internet-explorer-delete-manage-cookies\" target=\"_blank\" rel=\"noopener\">https:\/\/support.microsoft.com\/de-de\/help\/17442\/windows-internet-explorer-delete-manage-cookies<\/a><\/li>\r\n \t<li>Google Chrome:\u00a0<a href=\"https:\/\/support.google.com\/accounts\/answer\/61416?hl=de\" target=\"_blank\" rel=\"noopener\">https:\/\/support.google.com\/accounts\/answer\/61416?hl=de<\/a><\/li>\r\n \t<li>Opera:\u00a0<a href=\"http:\/\/www.opera.com\/de\/help\" target=\"_blank\" rel=\"noopener\">http:\/\/www.opera.com\/de\/help<\/a><\/li>\r\n \t<li>Safari:\u00a0<a href=\"https:\/\/support.apple.com\/kb\/PH17191?locale=de_DE&amp;viewlocale=de_DE\" target=\"_blank\" rel=\"noopener\">https:\/\/support.apple.com\/kb\/PH17191?locale=de_DE&amp;viewlocale=de_DE<\/a><\/li>\r\n<\/ul>\r\n<h3><strong>S<\/strong><strong>torage <\/strong><strong>duration <\/strong><strong>and cookies used:<\/strong><\/h3>\r\nThe following cookies may be used on our websites if you enable us to use them via your browser settings or consent:\r\n\r\nAfter you have completed visiting the website, the session cookie is removed.\r\n<h2><strong>Technically <\/strong><strong>required<\/strong><strong> cookies<\/strong><\/h2>\r\n<h3><strong>Processing type and purpose:<\/strong><\/h3>\r\nCookies are used to improve the usability of our website. Some features of our website need identifying the caller browser even after a page change.\r\n\r\nThe goal of employing technically required cookies is to make it easier for users to utilize websites. Some features of our website are not available without the usage of cookies. For this, the browser must be recognized even after a page change.\r\n\r\nThe processing is carried out in line with GDPR Article 6 paragraph 1 letter f on the basis of our legitimate interest in a user-friendly website design.\r\n<h3><strong>Recipient:<\/strong><\/h3>\r\nTechnical service providers that serve as processors for the operation and maintenance of our website may be recipients of the data.\r\n<h3><strong>Provision <\/strong><strong>required or <\/strong><strong>prescribed:<\/strong><\/h3>\r\nThe collected data may be transferred to the third countries listed below: no\r\n<h3><strong>Bereitstellung erforderlich <\/strong><strong>oder v<\/strong><strong>orgeschrieben:<\/strong><\/h3>\r\nThe disclosure of the aforementioned personal data is not required by law or contract. However, without this information, we cannot guarantee the operation and functioning of our website. Furthermore, specific services may be unavailable or limited.\r\n<h3><strong>contradiction<\/strong><\/h3>\r\nRead on for more information on your right of objection under Article 21 GDPR.\r\n\r\nDiese Webseite verwendet Cookies. Wir verwenden Cookies, um Inhalte und Anzeigen zu personalisieren und die Zugriffe auf unsere Website zu analysieren\r\n\r\nCookies sind kleine Textdateien, die von Webseiten verwendet werden, um die Benutzererfahrung effizienter zu gestalten.\r\n\r\nLaut Gesetz k\u00f6nnen wir Cookies auf Ihrem Ger\u00e4t speichern, wenn diese f\u00fcr den Betrieb dieser Seite unbedingt notwendig sind. F\u00fcr alle anderen Cookie-Typen ben\u00f6tigen wir Ihre Erlaubnis.\r\n\r\nDiese Seite verwendet unterschiedliche Cookie-Typen. Einige Cookies werden von Drittparteien platziert, die auf unseren Seiten erscheinen.\r\n\r\nSie k\u00f6nnen Ihre Einwilligung jederzeit von der Cookie-Erkl\u00e4rung auf unserer Website \u00e4ndern oder widerrufen.\r\n\r\nErfahren Sie in unserer Datenschutzrichtlinie mehr dar\u00fcber, wer wir sind, wie Sie uns kontaktieren k\u00f6nnen und wie wir personenbezogene Daten verarbeiten.\r\n\r\nBitte geben Sie Ihre Einwilligungs-ID und das Datum an, wenn Sie uns bez\u00fcglich Ihrer Einwilligung kontaktieren.\r\n\r\nIhre Einwilligung trifft auf die folgenden Domains zu: www.maadico.com\r\n\r\n&nbsp;\r\n\r\nDie Cookie-Erkl\u00e4rung wurde das letzte Mal am 4\/21\/23 von\u00a0<a href=\"https:\/\/www.cookiebot.com\/\" target=\"_blank\" rel=\"noopener\">Cookiebot<\/a>\u00a0aktualisiert:\r\n\r\n<strong>Notwendig (4)<\/strong>\r\n\r\nNotwendige Cookies helfen dabei, eine Webseite nutzbar zu machen, indem sie Grundfunktionen wie Seitennavigation und Zugriff auf sichere Bereiche der Webseite erm\u00f6glichen. Die Webseite kann ohne diese Cookies nicht richtig funktionieren.\r\n<table width=\"375\">\r\n<thead>\r\n<tr>\r\n<td><strong>Name<\/strong><\/td>\r\n<td><strong>Anbieter<\/strong><\/td>\r\n<td><strong>Zweck<\/strong><\/td>\r\n<td><strong>Ablauf<\/strong><\/td>\r\n<\/tr>\r\n<\/thead>\r\n<tbody>\r\n<tr>\r\n<td>CookieConsent [x2]<\/td>\r\n<td><a href=\"https:\/\/www.cookiebot.com\/goto\/privacy-policy\/\" target=\"_blank\" rel=\"noopener\">Cookiebot<\/a><\/td>\r\n<td>Speichert den Zustimmungsstatus des Benutzers f\u00fcr Cookies auf der aktuellen Dom\u00e4ne.<\/td>\r\n<td>13404 Tage<\/td>\r\n<\/tr>\r\n<tr>\r\n<td>hex (32) [x2]<\/td>\r\n<td>www.maadico.com<\/td>\r\n<td>Wird verwendet, um Server-Anfragen an das Webseitenbackend zu managen.<\/td>\r\n<td>Session<\/td>\r\n<\/tr>\r\n<\/tbody>\r\n<\/table>\r\n&nbsp;\r\n<h2><strong>contact form<\/strong><\/h2>\r\n<h3><strong>Processing type and purpose:<\/strong><\/h3>\r\nThe information you provide will be saved for the purpose of personal contact with you. You must include a valid email address as well as your name. This is used to assign the request and subsequently to respond to it. Providing additional details is optional.\r\n<h3><strong>Legal basis:<\/strong><\/h3>\r\nThe contact form data is processed based on a legitimate interest (Article 6 (1) (f) GDPR).\r\n\r\nBy supplying this contact form, we hope to facilitate communication with you. The information you provide will be stored in order to process your request and in case any follow-up queries arise.\r\n\r\nIf you contact us to request an offer, the data you provide on the contact form will be processed in order to take steps prior to entering into a contract (Article 6 (1) (b) GDPR).\r\n<h3><strong>Recipient:<\/strong><\/h3>\r\nRecipient of the data is Maadico GmbH.\r\n\r\n&nbsp;\r\n<h3><strong>Duration of storage:<\/strong><\/h3>\r\nData will be deleted no later than twelve months after the request has been processed.\r\n\r\nIf a contractual relationship exists, we are subject to the statutory retention periods outlined in the German Commercial Code and will delete your information once these periods have expired.\r\n<h3><strong>Provision required or prescribed:<\/strong><\/h3>\r\nYour provision of personal information is entirely voluntary. However, we are unable to process your request without your name, email address, and the reason for your request.\r\n\r\n&nbsp;\r\n<h2><strong>SSL-encryption<\/strong><\/h2>\r\nTo protect the security of your data during transmission, we employ cutting-edge encryption techniques (such as SSL) over HTTPS.\r\n\r\n&nbsp;\r\n\r\n&nbsp;\r\n<h3><strong>Information regarding your right of objection under Article 21 of the GDPR<\/strong><\/h3>\r\n<h3><strong>Individual right of objection<\/strong><\/h3>\r\nYou have the right, for reasons relating to your particular situation, to object at any time to processing of personal data concerning you that is based on Article 6 (1) (f) GDPR (data processing based on a balance of interests); this also applies to profiling based on this provision pursuant to Article 4 No. 4 GDPR.\r\n\r\nIf you file an objection, we will cease processing your personal data unless we can demonstrate compelling legitimate grounds for the processing that override your interests, rights, and freedoms, or the processing is necessary to assert, exercise, or defend legal claims.\r\n<h3><strong>Recipient of an objection<\/strong><\/h3>\r\n<strong>Maadico GmbH<\/strong>\r\nAsternweg 20, seeberg 50769, koln, Germany\r\n\r\n&nbsp;\r\n\r\n&nbsp;\r\n<h2><strong>Change to our privacy policy<\/strong><\/h2>\r\nWe reserve the right to modify this data protection statement to ensure that it always complies with current regulatory requirements, or to include changes to our services in the data protection declaration, such as when adding new services. Your future visit will be subject to the revised data protection statement.\r\n\r\n<strong>Data protection officer questions<\/strong>\r\n\r\nIf you have any queries concerning data protection, please write us an email or contact our organization&#8217;s data protection officer directly:\r\n\r\n<strong>Maadico GmbH<\/strong>\r\nAsternweg 20, seeberg 50769, koln, Germany\t\t\t\t\t\t<\/div>\n\t\t\t\t<\/div>\n\t\t\t\t\t<\/div>\n\t\t\t\t<\/div>\n\t\t\t\t<\/div>\n\t\t","protected":false},"excerpt":{"rendered":"<p>\u062d\u0631\u06cc\u0645 \u062e\u0635\u0648\u0635\u06cc According to data protection rules, especially the EU General Data Protection Regulation (GDPR), the following person is responsible: Asternweg 20, seeberg 50769, koln, Germany Your data subject rights You have the following rights, which you may exercise at any time by contacting our data protection officer: Information about your data that we hold [&hellip;]<\/p>\n","protected":false},"author":25,"featured_media":0,"parent":0,"menu_order":0,"comment_status":"closed","ping_status":"closed","template":"","meta":{"footnotes":""},"class_list":["post-17667","page","type-page","status-publish","hentry"],"_links":{"self":[{"href":"https:\/\/maadico.com\/fa\/wp-json\/wp\/v2\/pages\/17667","targetHints":{"allow":["GET"]}}],"collection":[{"href":"https:\/\/maadico.com\/fa\/wp-json\/wp\/v2\/pages"}],"about":[{"href":"https:\/\/maadico.com\/fa\/wp-json\/wp\/v2\/types\/page"}],"author":[{"embeddable":true,"href":"https:\/\/maadico.com\/fa\/wp-json\/wp\/v2\/users\/25"}],"replies":[{"embeddable":true,"href":"https:\/\/maadico.com\/fa\/wp-json\/wp\/v2\/comments?post=17667"}],"version-history":[{"count":7,"href":"https:\/\/maadico.com\/fa\/wp-json\/wp\/v2\/pages\/17667\/revisions"}],"predecessor-version":[{"id":54249,"href":"https:\/\/maadico.com\/fa\/wp-json\/wp\/v2\/pages\/17667\/revisions\/54249"}],"wp:attachment":[{"href":"https:\/\/maadico.com\/fa\/wp-json\/wp\/v2\/media?parent=17667"}],"curies":[{"name":"wp","href":"https:\/\/api.w.org\/{rel}","templated":true}]}}